{"id":3154,"date":"2021-05-30T14:08:16","date_gmt":"2021-05-30T14:08:16","guid":{"rendered":"https:\/\/byb-intl.com\/byb-international\/"},"modified":"2025-09-30T11:02:02","modified_gmt":"2025-09-30T11:02:02","slug":"byb-international","status":"publish","type":"page","link":"https:\/\/byb-intl.com\/fr\/","title":{"rendered":"BYB International"},"content":{"rendered":"\n<section class=\"gb-element-2e133fa7\">\n<div class=\"gb-element-6ebba9ee\">\n<div class=\"gb-element-988ceeb4\">\n<h2 class=\"gb-text-7c12bd8d\"><span class=\"gb-shape\"><svg xmlns=\"http:\/\/www.w3.org\/2000\/svg\" viewbox=\"0 0 24 24\" height=\"24px\" width=\"24px\"><title>Ic\u00f4ne Dynamics 365<\/title><path d=\"M4.59 7.41l4.94 3.54L4.59 24zm0-7.41v6.36l9.53 5.29 4.59-3.52zm0 24l14.82-8.47v-6.7Z\"><\/path><\/svg><\/span><span class=\"gb-text\">Renforcer la S\u00e9curit\u00e9 &amp; l&rsquo;Innovation<\/span><\/h2>\n\n\n\n<h2 class=\"gb-text gb-text-c4fa2e48\">Bienvenue chez BYB International<\/h2>\n\n\n\n<p class=\"gb-text gb-text-e148efa1\">BYB International fournit des v\u00e9hicules blind\u00e9s de pointe, des technologies durables et des solutions d&rsquo;investissement strat\u00e9gique\u2014con\u00e7us pour l&rsquo;Afrique, le Moyen-Orient et l&rsquo;Asie Centrale.<\/p>\n\n\n\n<a class=\"gb-text gb-text-f055064c\" href=\"https:\/\/byb-intl.com\/fr\/vehicules-blindes\/\">Explorez les v\u00e9hicules blind\u00e9s<\/a>\n<\/div>\n\n\n\n<div class=\"gb-element-9b745209\">\n<div class=\"gb-element-44ffe6c1\">\n<div class=\"gb-element-e48207cc\">\n<figure class=\"wp-block-image size-full\"><img loading=\"lazy\" decoding=\"async\" width=\"1133\" height=\"605\" src=\"https:\/\/byb-intl.com\/wp-content\/uploads\/2025\/04\/armored-vehicles-homepage-byb.webp\" alt=\"\" class=\"wp-image-2197\" srcset=\"https:\/\/byb-intl.com\/wp-content\/uploads\/2025\/04\/armored-vehicles-homepage-byb.webp 1133w, https:\/\/byb-intl.com\/wp-content\/uploads\/2025\/04\/armored-vehicles-homepage-byb-300x160.webp 300w, https:\/\/byb-intl.com\/wp-content\/uploads\/2025\/04\/armored-vehicles-homepage-byb-1024x547.webp 1024w, https:\/\/byb-intl.com\/wp-content\/uploads\/2025\/04\/armored-vehicles-homepage-byb-768x410.webp 768w\" sizes=\"auto, (max-width: 1133px) 100vw, 1133px\" \/><\/figure>\n<\/div>\n\n\n\n<div class=\"gb-element-3831c62f\">\n<div class=\"gb-text-752fda2a\"><span class=\"gb-shape\"><svg xmlns=\"http:\/\/www.w3.org\/2000\/svg\" viewbox=\"0 0 512 512\">  \t \t\t<path d=\"M452.028,222.199C447.087,131.883,361.062,59.733,256,59.733S64.913,131.883,59.972,222.199 C25.745,224.683,0,242.372,0,264.533v34.133c0,23.927,29.986,42.667,68.267,42.667c4.719,0,8.533-3.814,8.533-8.533V230.4 c0-84.693,80.393-153.6,179.2-153.6s179.2,68.907,179.2,153.6v98.867l-20.599,20.599h-17.664 c8.115-20.659,12.664-43.401,12.664-67.32c0-93.585-68.907-169.719-153.6-169.719s-153.6,76.134-153.6,169.719 S171.307,452.267,256,452.267c56.883,0,106.53-34.423,133.077-85.333h29.056c2.27,0,4.437-0.896,6.033-2.5l23.159-23.159 c36.548-1.126,64.674-19.43,64.674-42.607v-34.133C512,242.372,486.255,224.683,452.028,222.199z M378.351,349.875h-79.684 c0-14.114-11.486-25.6-25.6-25.6h-34.133c-14.114,0-25.6,11.486-25.6,25.6v17.067c0,14.114,11.486,25.6,25.6,25.6h34.133 c14.114,0,25.6-11.486,25.6-25.6h71.014C345.19,408.038,303.394,435.2,256,435.2c-75.281,0-136.533-68.471-136.533-152.653 S180.719,129.903,256,129.903s136.533,68.471,136.533,152.653C392.533,306.739,387.345,329.532,378.351,349.875z\"><\/path> \t                                <\/svg><\/span><\/div>\n\n\n\n<div>\n<p class=\"gb-text gb-text-7daa10ee\">Besoin d&rsquo;aide ? Appelez-nous <\/p>\n\n\n\n<p class=\"gb-text gb-text-e8b92791\"><a href=\"tel:+971556412272\">+971556412272<\/a><\/p>\n<\/div>\n<\/div>\n<\/div>\n<\/div>\n<\/div>\n<\/section>\n\n<section class=\"gb-element-43ce0f73\">\n<div class=\"gb-element-111ff009\">\n<div>\n<div class=\"gb-text-e6efbbb3\"><span class=\"gb-shape\"><svg xmlns=\"http:\/\/www.w3.org\/2000\/svg\" aria-hidden=\"true\" role=\"img\" height=\"1em\" width=\"1em\" viewbox=\"0 0 512 512\"><path fill=\"currentColor\" d=\"M462.3 62.6C407.5 15.9 326 24.3 275.7 76.2L256 96.5l-19.7-20.3C186.1 24.3 104.5 15.9 49.7 62.6c-62.8 53.6-66.1 149.8-9.9 207.9l193.5 199.8c12.5 12.9 32.8 12.9 45.3 0l193.5-199.8c56.3-58.1 53-154.3-9.8-207.9z\"><\/path><\/svg><\/span><\/div>\n<\/div>\n\n\n\n<div class=\"gb-element-6f258f63\">\n<h2 class=\"gb-text gb-text-155cf3fc\">Approuv\u00e9 par les leaders mondiaux<\/h2>\n\n\n\n<p class=\"gb-text gb-text-9aed937e\">Approuv\u00e9 par les gouvernements, les entreprises de s\u00e9curit\u00e9 et les innovateurs<\/p>\n\n\n\n<div class=\"gb-element-ae0e16cd\">\n<div class=\"gb-element-f33d45f6\">\n<figure class=\"wp-block-image size-full\"><img loading=\"lazy\" decoding=\"async\" width=\"300\" height=\"300\" src=\"https:\/\/byb-intl.com\/wp-content\/uploads\/2025\/03\/UN_logo.png\" alt=\"\" class=\"wp-image-2181\" style=\"aspect-ratio:1;object-fit:contain\" srcset=\"https:\/\/byb-intl.com\/wp-content\/uploads\/2025\/03\/UN_logo.png 300w, https:\/\/byb-intl.com\/wp-content\/uploads\/2025\/03\/UN_logo-150x150.png 150w\" sizes=\"auto, (max-width: 300px) 100vw, 300px\" \/><\/figure>\n<\/div>\n\n\n\n<div class=\"gb-element-eeef8a44\">\n<figure class=\"wp-block-image size-full\"><img loading=\"lazy\" decoding=\"async\" width=\"815\" height=\"306\" src=\"https:\/\/byb-intl.com\/wp-content\/uploads\/2025\/02\/International_Organization_for_Migration_logo-1.png\" alt=\"\" class=\"wp-image-1883\" srcset=\"https:\/\/byb-intl.com\/wp-content\/uploads\/2025\/02\/International_Organization_for_Migration_logo-1.png 815w, https:\/\/byb-intl.com\/wp-content\/uploads\/2025\/02\/International_Organization_for_Migration_logo-1-300x113.png 300w, https:\/\/byb-intl.com\/wp-content\/uploads\/2025\/02\/International_Organization_for_Migration_logo-1-768x288.png 768w\" sizes=\"auto, (max-width: 815px) 100vw, 815px\" \/><\/figure>\n<\/div>\n\n\n\n<div class=\"gb-element-96e11524\">\n<figure class=\"wp-block-image size-full\"><img loading=\"lazy\" decoding=\"async\" width=\"500\" height=\"500\" src=\"https:\/\/byb-intl.com\/wp-content\/uploads\/2025\/02\/Medecins_Sans_Frontieres_logo_512.png\" alt=\"\" class=\"wp-image-1889\" srcset=\"https:\/\/byb-intl.com\/wp-content\/uploads\/2025\/02\/Medecins_Sans_Frontieres_logo_512.png 500w, https:\/\/byb-intl.com\/wp-content\/uploads\/2025\/02\/Medecins_Sans_Frontieres_logo_512-300x300.png 300w, https:\/\/byb-intl.com\/wp-content\/uploads\/2025\/02\/Medecins_Sans_Frontieres_logo_512-150x150.png 150w\" sizes=\"auto, (max-width: 500px) 100vw, 500px\" \/><\/figure>\n<\/div>\n\n\n\n<div class=\"gb-element-96e8f65a\">\n<figure class=\"wp-block-image size-full\"><img loading=\"lazy\" decoding=\"async\" width=\"300\" height=\"300\" src=\"https:\/\/byb-intl.com\/wp-content\/uploads\/2025\/03\/US_Embassy_in_UAE.png\" alt=\"\" class=\"wp-image-2183\" srcset=\"https:\/\/byb-intl.com\/wp-content\/uploads\/2025\/03\/US_Embassy_in_UAE.png 300w, https:\/\/byb-intl.com\/wp-content\/uploads\/2025\/03\/US_Embassy_in_UAE-150x150.png 150w\" sizes=\"auto, (max-width: 300px) 100vw, 300px\" \/><\/figure>\n<\/div>\n<\/div>\n<\/div>\n<\/div>\n<\/section>\n\n<section class=\"gb-element-8d04ac5b\">\n<div class=\"gb-element-c813ceba\">\n<h2 class=\"gb-text-1f090e30\"><span class=\"gb-shape\"><svg xmlns=\"http:\/\/www.w3.org\/2000\/svg\" aria-hidden=\"true\" role=\"img\" height=\"1em\" width=\"1em\" viewbox=\"0 0 256 512\"><path fill=\"currentColor\" d=\"M224.3 273l-136 136c-9.4 9.4-24.6 9.4-33.9 0l-22.6-22.6c-9.4-9.4-9.4-24.6 0-33.9l96.4-96.4-96.4-96.4c-9.4-9.4-9.4-24.6 0-33.9L54.3 103c9.4-9.4 24.6-9.4 33.9 0l136 136c9.5 9.4 9.5 24.6.1 34z\"><\/path><\/svg><\/span><span class=\"gb-text\">Solutions principales<\/span><\/h2>\n\n\n\n<h2 class=\"gb-text gb-text-41e456bf\">Haute technologie pour les environnements \u00e0 haut risque<\/h2>\n\n\n\n<div class=\"gb-element-1ef1c4ce\">\n<div class=\"gb-element-6a1686e8\">\n<img loading=\"lazy\" decoding=\"async\" width=\"960\" height=\"914\" class=\"gb-media-dc2c60f1\" src=\"https:\/\/byb-intl.com\/wp-content\/uploads\/2025\/04\/armored-vehicles.webp\" alt=\"v\u00e9hicules blind\u00e9s civils et militaires \" srcset=\"https:\/\/byb-intl.com\/wp-content\/uploads\/2025\/04\/armored-vehicles.webp 960w, https:\/\/byb-intl.com\/wp-content\/uploads\/2025\/04\/armored-vehicles-300x286.webp 300w, https:\/\/byb-intl.com\/wp-content\/uploads\/2025\/04\/armored-vehicles-768x731.webp 768w\" sizes=\"auto, (max-width: 960px) 100vw, 960px\" \/>\n\n\n\n<h3 class=\"gb-text gb-text-a6c88df9\">V\u00e9hicules blind\u00e9s<\/h3>\n\n\n\n<p class=\"gb-text gb-text-725b7ae9\">Militaire, VIP, s\u00e9curit\u00e9 de transport de fonds et fourgons blind\u00e9s<\/p>\n\n\n\n<a class=\"gb-text-1836d985\" href=\"https:\/\/byb-intl.com\/fr\/vehicules-blindes\/\"><span class=\"gb-text\">En savoir plus<\/span><span class=\"gb-shape\"><svg xmlns=\"http:\/\/www.w3.org\/2000\/svg\" aria-hidden=\"true\" role=\"img\" height=\"1em\" width=\"1em\" viewbox=\"0 0 256 512\"><path fill=\"currentColor\" d=\"M224.3 273l-136 136c-9.4 9.4-24.6 9.4-33.9 0l-22.6-22.6c-9.4-9.4-9.4-24.6 0-33.9l96.4-96.4-96.4-96.4c-9.4-9.4-9.4-24.6 0-33.9L54.3 103c9.4-9.4 24.6-9.4 33.9 0l136 136c9.5 9.4 9.5 24.6.1 34z\"><\/path><\/svg><\/span><\/a>\n<\/div>\n\n\n\n<div class=\"gb-element-a007a496\">\n<img loading=\"lazy\" decoding=\"async\" width=\"960\" height=\"914\" class=\"gb-media-4ffdc0bb\" src=\"https:\/\/byb-intl.com\/wp-content\/uploads\/2025\/04\/smart-mobility-sustainable-technologies.webp\" alt=\"technologies de mobilit\u00e9 intelligente et durable\" srcset=\"https:\/\/byb-intl.com\/wp-content\/uploads\/2025\/04\/smart-mobility-sustainable-technologies.webp 960w, https:\/\/byb-intl.com\/wp-content\/uploads\/2025\/04\/smart-mobility-sustainable-technologies-300x286.webp 300w, https:\/\/byb-intl.com\/wp-content\/uploads\/2025\/04\/smart-mobility-sustainable-technologies-768x731.webp 768w\" sizes=\"auto, (max-width: 960px) 100vw, 960px\" \/>\n\n\n\n<h3 class=\"gb-text gb-text-1ec8f7c0\"><strong>Mobilit\u00e9 intelligente<\/strong><\/h3>\n\n\n\n<p class=\"gb-text gb-text-141b1f56\">\u00c9nergie solaire, drones et infrastructure pilot\u00e9e par l&rsquo;IoT<\/p>\n\n\n\n<a class=\"gb-text-3e11d9ff\" href=\"https:\/\/byb-intl.com\/fr\/portefeuille\/#smart-mobility\"><span class=\"gb-text\">En savoir plus<\/span><span class=\"gb-shape\"><svg xmlns=\"http:\/\/www.w3.org\/2000\/svg\" aria-hidden=\"true\" role=\"img\" height=\"1em\" width=\"1em\" viewbox=\"0 0 256 512\"><path fill=\"currentColor\" d=\"M224.3 273l-136 136c-9.4 9.4-24.6 9.4-33.9 0l-22.6-22.6c-9.4-9.4-9.4-24.6 0-33.9l96.4-96.4-96.4-96.4c-9.4-9.4-9.4-24.6 0-33.9L54.3 103c9.4-9.4 24.6-9.4 33.9 0l136 136c9.5 9.4 9.5 24.6.1 34z\"><\/path><\/svg><\/span><\/a>\n<\/div>\n\n\n\n<div class=\"gb-element-6a2fc8b5\">\n<img loading=\"lazy\" decoding=\"async\" width=\"960\" height=\"914\" class=\"gb-media-9bfd937a\" src=\"https:\/\/byb-intl.com\/wp-content\/uploads\/2025\/04\/advanced-security-solutions.webp\" alt=\"solutions de s\u00e9curit\u00e9 avanc\u00e9es\" srcset=\"https:\/\/byb-intl.com\/wp-content\/uploads\/2025\/04\/advanced-security-solutions.webp 960w, https:\/\/byb-intl.com\/wp-content\/uploads\/2025\/04\/advanced-security-solutions-300x286.webp 300w, https:\/\/byb-intl.com\/wp-content\/uploads\/2025\/04\/advanced-security-solutions-768x731.webp 768w\" sizes=\"auto, (max-width: 960px) 100vw, 960px\" \/>\n\n\n\n<h3 class=\"gb-text gb-text-97d5e540\">S\u00e9curit\u00e9 avanc\u00e9e<\/h3>\n\n\n\n<p class=\"gb-text gb-text-67ff9156\">Syst\u00e8mes anti-drones, \u00e9quipements tactiques, technologies de sauvetage<\/p>\n\n\n\n<a class=\"gb-text-2b406f05\" href=\"https:\/\/byb-intl.com\/fr\/portefeuille\/#advanced-security\"><span class=\"gb-text\">En savoir plus<\/span><span class=\"gb-shape\"><svg xmlns=\"http:\/\/www.w3.org\/2000\/svg\" aria-hidden=\"true\" role=\"img\" height=\"1em\" width=\"1em\" viewbox=\"0 0 256 512\"><path fill=\"currentColor\" d=\"M224.3 273l-136 136c-9.4 9.4-24.6 9.4-33.9 0l-22.6-22.6c-9.4-9.4-9.4-24.6 0-33.9l96.4-96.4-96.4-96.4c-9.4-9.4-9.4-24.6 0-33.9L54.3 103c9.4-9.4 24.6-9.4 33.9 0l136 136c9.5 9.4 9.5 24.6.1 34z\"><\/path><\/svg><\/span><\/a>\n<\/div>\n<\/div>\n<\/div>\n<\/section>\n\n<section class=\"gb-element-02d7f0ae\">\n<div class=\"gb-element-8875a48f\">\n<div class=\"gb-element-327e260a\">\n<img loading=\"lazy\" decoding=\"async\" width=\"1200\" height=\"800\" class=\"gb-media-9ea96152\" src=\"https:\/\/byb-intl.com\/wp-content\/uploads\/2025\/02\/partner-with-us.webp\" title=\"partenaire-avec-nous\" srcset=\"https:\/\/byb-intl.com\/wp-content\/uploads\/2025\/02\/partner-with-us.webp 1200w, https:\/\/byb-intl.com\/wp-content\/uploads\/2025\/02\/partner-with-us-300x200.webp 300w, https:\/\/byb-intl.com\/wp-content\/uploads\/2025\/02\/partner-with-us-1024x683.webp 1024w, https:\/\/byb-intl.com\/wp-content\/uploads\/2025\/02\/partner-with-us-768x512.webp 768w\" sizes=\"auto, (max-width: 1200px) 100vw, 1200px\" \/>\n<\/div>\n\n\n\n<div class=\"gb-element-1bb69474\">\n<h2 class=\"gb-text-b63c935f\"><span class=\"gb-shape\"><svg xmlns=\"http:\/\/www.w3.org\/2000\/svg\" aria-hidden=\"true\" role=\"img\" height=\"1em\" width=\"1em\" viewbox=\"0 0 256 512\"><path fill=\"currentColor\" d=\"M224.3 273l-136 136c-9.4 9.4-24.6 9.4-33.9 0l-22.6-22.6c-9.4-9.4-9.4-24.6 0-33.9l96.4-96.4-96.4-96.4c-9.4-9.4-9.4-24.6 0-33.9L54.3 103c9.4-9.4 24.6-9.4 33.9 0l136 136c9.5 9.4 9.5 24.6.1 34z\"><\/path><\/svg><\/span><span class=\"gb-text\">Impact strat\u00e9gique<\/span><\/h2>\n\n\n\n<h2 class=\"gb-text gb-text-418f0168\">Stimuler la croissance par l&rsquo;innovation et le partenariat<\/h2>\n\n\n\n<p class=\"gb-text gb-text-7002bc37\">Nous \u00e9tablissons des ponts entre l&rsquo;expertise mondiale et les connaissances locales pour fournir des solutions transformatrices en mati\u00e8re de d\u00e9fense, d&rsquo;infrastructure et de d\u00e9veloppement durable.<\/p>\n\n\n\n<a class=\"gb-text gb-text-51e54d63\" href=\"https:\/\/byb-intl.com\/fr\/nous-contacter\/\">Contactez-nous<\/a>\n<\/div>\n<\/div>\n<\/section>\n\n<section class=\"gb-element-fd1b6618\">\n<div class=\"gb-element-a6318539\">\n<h2 class=\"gb-text-d79da463\"><span class=\"gb-shape\"><svg xmlns=\"http:\/\/www.w3.org\/2000\/svg\" aria-hidden=\"true\" role=\"img\" height=\"1em\" width=\"1em\" viewbox=\"0 0 256 512\"><path fill=\"currentColor\" d=\"M224.3 273l-136 136c-9.4 9.4-24.6 9.4-33.9 0l-22.6-22.6c-9.4-9.4-9.4-24.6 0-33.9l96.4-96.4-96.4-96.4c-9.4-9.4-9.4-24.6 0-33.9L54.3 103c9.4-9.4 24.6-9.4 33.9 0l136 136c9.5 9.4 9.5 24.6.1 34z\"><\/path><\/svg><\/span><span class=\"gb-text\">Pourquoi nous<\/span><\/h2>\n\n\n\n<h2 class=\"gb-text gb-text-08def233\">Toujours votre premier choix<\/h2>\n\n\n\n<div class=\"gb-element-dd4771d0\">\n<div class=\"gb-element-c2f1184f\">\n<img loading=\"lazy\" decoding=\"async\" width=\"1920\" height=\"1080\" class=\"gb-media-7613db50\" src=\"https:\/\/byb-intl.com\/wp-content\/uploads\/2022\/06\/byb_armored-personnel-carriers.png\" title=\"byb_transporteurs-de-personnel-blind\u00e9s\" srcset=\"https:\/\/byb-intl.com\/wp-content\/uploads\/2022\/06\/byb_armored-personnel-carriers.png 1920w, https:\/\/byb-intl.com\/wp-content\/uploads\/2022\/06\/byb_armored-personnel-carriers-300x169.png 300w, https:\/\/byb-intl.com\/wp-content\/uploads\/2022\/06\/byb_armored-personnel-carriers-1024x576.png 1024w, https:\/\/byb-intl.com\/wp-content\/uploads\/2022\/06\/byb_armored-personnel-carriers-768x432.png 768w, https:\/\/byb-intl.com\/wp-content\/uploads\/2022\/06\/byb_armored-personnel-carriers-1536x864.png 1536w\" sizes=\"auto, (max-width: 1920px) 100vw, 1920px\" \/>\n<\/div>\n\n\n\n<div class=\"gb-element-7608c678\">\n<p class=\"gb-text gb-text-b51dcf7c\">Rejoignez les gouvernements, investisseurs et dirigeants industriels qui exploitent notre expertise pour l&rsquo;expansion du march\u00e9 et les strat\u00e9gies ax\u00e9es sur le retour sur investissement.<\/p>\n\n\n\n<h3 class=\"gb-text gb-text-c28a19fb\">Exp\u00e9rience<\/h3>\n\n\n\n<div class=\"gb-element-179463fe\">\n<div class=\"gb-element-589b30ae\"><\/div>\n<\/div>\n\n\n\n<h3 class=\"gb-text gb-text-43fdfcf3\">Connaissance du march\u00e9<\/h3>\n\n\n\n<div class=\"gb-element-07488206\">\n<div class=\"gb-element-531b32f1\"><\/div>\n<\/div>\n\n\n\n<h3 class=\"gb-text gb-text-fb6844cb\">Support<\/h3>\n\n\n\n<div class=\"gb-element-36f403f3\">\n<div class=\"gb-element-5a5a4470\"><\/div>\n<\/div>\n\n\n\n<a class=\"gb-text gb-text-97f54b1e\" href=\"https:\/\/byb-intl.com\/fr\/a-propos\/\">En savoir plus<\/a>\n<\/div>\n<\/div>\n<\/div>\n<\/section>\n\n<p><\/p>\n","protected":false},"excerpt":{"rendered":"<p>Ic\u00f4ne Dynamics 365Renforcer la S\u00e9curit\u00e9 &amp; l&rsquo;Innovation Bienvenue chez BYB International BYB International fournit des v\u00e9hicules blind\u00e9s de pointe, des technologies durables et des solutions d&rsquo;investissement strat\u00e9gique\u2014con\u00e7us pour l&rsquo;Afrique, le Moyen-Orient et l&rsquo;Asie Centrale. Explorez les v\u00e9hicules blind\u00e9s Besoin d&rsquo;aide ? Appelez-nous +971556412272 Approuv\u00e9 par les leaders mondiaux Approuv\u00e9 par les gouvernements, les entreprises de &#8230; <a title=\"BYB International\" class=\"read-more\" href=\"https:\/\/byb-intl.com\/fr\/\" aria-label=\"En savoir plus sur BYB International\">Lire plus<\/a><\/p>\n","protected":false},"author":1,"featured_media":0,"parent":0,"menu_order":0,"comment_status":"closed","ping_status":"open","template":"","meta":{"_themeisle_gutenberg_block_has_review":false,"_joinchat":[],"footnotes":""},"class_list":["post-3154","page","type-page","status-publish"],"_links":{"self":[{"href":"https:\/\/byb-intl.com\/fr\/wp-json\/wp\/v2\/pages\/3154","targetHints":{"allow":["GET"]}}],"collection":[{"href":"https:\/\/byb-intl.com\/fr\/wp-json\/wp\/v2\/pages"}],"about":[{"href":"https:\/\/byb-intl.com\/fr\/wp-json\/wp\/v2\/types\/page"}],"author":[{"embeddable":true,"href":"https:\/\/byb-intl.com\/fr\/wp-json\/wp\/v2\/users\/1"}],"replies":[{"embeddable":true,"href":"https:\/\/byb-intl.com\/fr\/wp-json\/wp\/v2\/comments?post=3154"}],"version-history":[{"count":5,"href":"https:\/\/byb-intl.com\/fr\/wp-json\/wp\/v2\/pages\/3154\/revisions"}],"predecessor-version":[{"id":3254,"href":"https:\/\/byb-intl.com\/fr\/wp-json\/wp\/v2\/pages\/3154\/revisions\/3254"}],"wp:attachment":[{"href":"https:\/\/byb-intl.com\/fr\/wp-json\/wp\/v2\/media?parent=3154"}],"curies":[{"name":"wp","href":"https:\/\/api.w.org\/{rel}","templated":true}]}}